{"id":308,"date":"2024-11-22T12:16:12","date_gmt":"2024-11-22T12:16:12","guid":{"rendered":"https:\/\/aesbvizela.edu.gov.pt\/?page_id=308"},"modified":"2026-03-25T14:51:27","modified_gmt":"2026-03-25T14:51:27","slug":"provas-exames","status":"publish","type":"page","link":"https:\/\/aesbvizela.edu.gov.pt\/?page_id=308","title":{"rendered":"Provas \/ Exames"},"content":{"rendered":"\n<div class=\"wp-block-columns is-layout-flex wp-container-core-columns-is-layout-28f84493 wp-block-columns-is-layout-flex\">\n<div class=\"wp-block-column is-layout-flow wp-block-column-is-layout-flow\">\n<h2 class=\"wp-block-heading has-text-align-center\">Exames Nacionais<\/h2>\n\n\n\n<h2 class=\"wp-block-heading has-text-align-center\">Exames Nacionais 2025\/2026<\/h2>\n\n\n\n<p><\/p>\n<\/div>\n<\/div>\n\n\n\n<div class=\"wp-block-columns is-layout-flex wp-container-core-columns-is-layout-28f84493 wp-block-columns-is-layout-flex\">\n<div class=\"wp-block-column is-layout-flow wp-block-column-is-layout-flow\">\n<h4 class=\"wp-block-heading\"><a href=\"https:\/\/iave.pt\/provas-e-exames\/calendario\/\" target=\"_blank\" rel=\"noreferrer noopener\">Calend\u00e1rio das Provas e Exames<\/a><\/h4>\n\n\n\n<p><a href=\"https:\/\/iave.pt\/provas-e-exames\/informacoes\/\" target=\"_blank\" rel=\"noreferrer noopener\">Informa\u00e7\u00e3o &#8211; Prova Geral<\/a><\/p>\n\n\n\n<h4 class=\"wp-block-heading\">Informa\u00e7\u00f5es &gt; 1.\u00ba Ciclo &gt; Provas de Equival\u00eancia a Frequ\u00eancia<\/h4>\n\n\n\n<h4 class=\"wp-block-heading\"><a href=\"https:\/\/drive.google.com\/drive\/folders\/1eslTDk_muXTOOWkGXZ6eUuRrMFN2NfoI?usp=sharing\" target=\"_blank\" rel=\"noreferrer noopener\">Informa\u00e7\u00f5es &gt; 2.\u00ba Ciclo &gt; Provas de Equival\u00eancia a Frequ\u00eancia<\/a><\/h4>\n\n\n\n<h4 class=\"wp-block-heading\"><a href=\"https:\/\/drive.google.com\/drive\/folders\/1eteOICsfgOlwVYtR5nMGx2pIla8QkwCd?usp=sharing\" target=\"_blank\" rel=\"noreferrer noopener\">Informa\u00e7\u00f5es &gt; 3.\u00ba Ciclo &gt; Provas de Equival\u00eancia a Frequ\u00eancia<\/a><\/h4>\n\n\n\n<h4 class=\"wp-block-heading\"><a href=\"https:\/\/drive.google.com\/drive\/folders\/1evtX4cYbE4y3eChoQJiA6xBBroGWgRWc?usp=sharing\" target=\"_blank\" rel=\"noreferrer noopener\">Informa\u00e7\u00f5es &gt; Ens. Secund\u00e1rio &gt; Provas de Equival\u00eancia a Frequ\u00eancia<\/a><\/h4>\n\n\n\n<p><a href=\"https:\/\/drive.google.com\/file\/d\/1gXywB9nRNPJDr6mV3YdZGl9spjBQHhJV\/view?usp=sharing\" target=\"_blank\" rel=\"noreferrer noopener\">Calend\u00e1rio das Provas de Equival\u00eancia \u00e0 Frequ\u00eancia<\/a><\/p>\n<\/div>\n\n\n\n<div class=\"wp-block-column is-layout-flow wp-block-column-is-layout-flow\">\n<h4 class=\"wp-block-heading\"><a href=\"http:\/\/aesbvizela.edu.gov.pt\/wp-content\/uploads\/2026\/03\/NORMA_01_2026.pdf\" target=\"_blank\" rel=\"noreferrer noopener\">NORMA 01\/JNE\/2026<\/a><\/h4>\n\n\n\n<h4 class=\"wp-block-heading\"><a href=\"http:\/\/aesbvizela.edu.gov.pt\/wp-content\/uploads\/2026\/03\/NORMA_02_2026.pdf\" data-type=\"link\" data-id=\"http:\/\/aesbvizela.edu.gov.pt\/wp-content\/uploads\/2026\/03\/NORMA_02_2026.pdf\">NORMA 02\/JNE\/2026<\/a><\/h4>\n\n\n\n<h4 class=\"wp-block-heading\"><a href=\"http:\/\/aesbvizela.edu.gov.pt\/wp-content\/uploads\/2024\/12\/utilizacao_calculadoras.pdf\" target=\"_blank\" rel=\"noreferrer noopener\">Informa\u00e7\u00e3o sobre Calculadoras<\/a><\/h4>\n\n\n\n<h4 class=\"wp-block-heading\"><a href=\"https:\/\/jnepiepe.dge.mec.pt\/site\/login\" target=\"_blank\" rel=\"noreferrer noopener\">Inscri\u00e7\u00e3o nos Exames Finais Nacionais e Provas de Equival\u00eancia a Frequ\u00eancia<\/a><\/h4>\n\n\n\n<h4 class=\"wp-block-heading\"><a href=\"http:\/\/aesbvizela.edu.gov.pt\/wp-content\/uploads\/2026\/03\/guia_geral_exames_2026.pdf\" target=\"_blank\" rel=\"noreferrer noopener\">Guia Geral de Exames 2026<\/a><\/h4>\n\n\n\n<p><a href=\"http:\/\/aesbvizela.edu.gov.pt\/wp-content\/uploads\/2025\/03\/despacho_normativo_2_A_2025_regulamento.pdf\" target=\"_blank\" rel=\"noreferrer noopener\">Despacho Normativo n.\u00ba 3\/2026<\/a> &#8211; Regulamento das Provas de Avalia\u00e7\u00e3o Externa e das Provas de Equival\u00eancia \u00e0 Frequ\u00eancia dos Ensinos B\u00e1sico e Secund\u00e1rio<\/p>\n\n\n\n<p><a href=\"https:\/\/drive.google.com\/file\/d\/1fsfpNqPRhG6jAW_oLy4WasZZA6sjtOWq\/view?usp=sharing\" data-type=\"link\" data-id=\"https:\/\/drive.google.com\/file\/d\/1fsfpNqPRhG6jAW_oLy4WasZZA6sjtOWq\/view?usp=sharing\" target=\"_blank\" rel=\"noreferrer noopener\">Guia para a realiza\u00e7\u00e3o das provas ModA 2025<\/a><\/p>\n\n\n\n<p><a href=\"http:\/\/aesbvizela.edu.gov.pt\/wp-content\/uploads\/2026\/03\/Guia-Provas-Ensaio_2026.pdf\" data-type=\"link\" data-id=\"http:\/\/aesbvizela.edu.gov.pt\/wp-content\/uploads\/2026\/03\/Guia-Provas-Ensaio_2026.pdf\">Guia para a realiza\u00e7\u00e3o das Provas-Ensaio 2026<\/a><\/p>\n<\/div>\n<\/div>\n\n\n\n<div class=\"wp-block-columns is-layout-flex wp-container-core-columns-is-layout-28f84493 wp-block-columns-is-layout-flex\">\n<div class=\"wp-block-column is-layout-flow wp-block-column-is-layout-flow\" style=\"flex-basis:66.66%\"><\/div>\n<\/div>\n\n\n\n<p><\/p>\n\n\n\n<p><br><\/p>\n\n\n\n<p class=\"has-text-align-center has-big-font-size\"><strong>LINK&#8217;s IMPORTANTES<\/strong><\/p>\n\n\n\n<p class=\"has-text-align-center has-normal-font-size\"><a href=\"https:\/\/iave.pt\/\" target=\"_blank\" rel=\"noreferrer noopener\">IAVE<\/a> &#8211; Instituto de Avalia\u00e7\u00e3o Educativa<\/p>\n\n\n\n<p class=\"has-text-align-center has-normal-font-size\"><a href=\"https:\/\/www.dge.mec.pt\/\" target=\"_blank\" rel=\"noreferrer noopener\">DGE<\/a> &#8211; Dire\u00e7\u00e3o Geral da Educa\u00e7\u00e3o<\/p>\n\n\n\n<p class=\"has-text-align-center has-normal-font-size\"><a href=\"https:\/\/www.dge.mec.pt\/plataformas-jne\" target=\"_blank\" rel=\"noreferrer noopener\">Plataformas JNE<\/a><\/p>\n\n\n\n<p class=\"has-text-align-center has-normal-font-size\"><a href=\"https:\/\/www.dges.gov.pt\/pt\" target=\"_blank\" rel=\"noreferrer noopener\">DGES<\/a> &#8211; Dire\u00e7\u00e3o-Geral do Ensino Superior<\/p>\n\n\n\n<div style=\"height:100px\" aria-hidden=\"true\" class=\"wp-block-spacer\"><\/div>\n\n\n\n<figure class=\"wp-block-image aligncenter size-full is-resized\"><img loading=\"lazy\" decoding=\"async\" width=\"594\" height=\"446\" src=\"https:\/\/aesbvizela.edu.gov.pt\/wp-content\/uploads\/2024\/11\/Captura-de-ecra-2024-11-22-as-11.27.26.png\" alt=\"\" class=\"wp-image-837\" style=\"width:542px;height:auto\" srcset=\"https:\/\/aesbvizela.edu.gov.pt\/wp-content\/uploads\/2024\/11\/Captura-de-ecra-2024-11-22-as-11.27.26.png 594w, https:\/\/aesbvizela.edu.gov.pt\/wp-content\/uploads\/2024\/11\/Captura-de-ecra-2024-11-22-as-11.27.26-300x225.png 300w\" sizes=\"auto, (max-width: 594px) 100vw, 594px\" \/><\/figure>\n\n\n\n<h2 class=\"wp-block-heading has-text-align-center\">Resultados&#8217;24<\/h2>\n\n\n\n<div class=\"wp-block-columns is-layout-flex wp-container-core-columns-is-layout-28f84493 wp-block-columns-is-layout-flex\">\n<div class=\"wp-block-column is-layout-flow wp-block-column-is-layout-flow\">\n<p class=\"has-normal-font-size\"><strong><em>Ensino Secund\u00e1rio<\/em><\/strong><\/p>\n\n\n\n<p class=\"has-normal-font-size\"><a href=\"https:\/\/drive.google.com\/file\/d\/1uNAvjJ9KAiVfb9M005F3kHV5rvQLjm4A\/view?usp=sharing\" target=\"_blank\" rel=\"noreferrer noopener\">Colocados por op\u00e7\u00e3o\/cursos<\/a><\/p>\n\n\n\n<p class=\"has-normal-font-size\">Exames Nacionais &gt; <a href=\"https:\/\/drive.google.com\/file\/d\/1J0dm-DEhOU_-swtAbnOcC1QFmD-wxAK2\/view?usp=sharing\" target=\"_blank\" rel=\"noreferrer noopener\">disciplinas<\/a><\/p>\n\n\n\n<p class=\"has-normal-font-size\">Exames Nacionais &gt; <a href=\"https:\/\/drive.google.com\/file\/d\/1dFRqNhul_-CK19_ieA-Hh8GRy5lsVyBp\/view?usp=sharing\" target=\"_blank\" rel=\"noreferrer noopener\">M\u00e9dias Exames CFD<\/a><\/p>\n<\/div>\n\n\n\n<div class=\"wp-block-column is-layout-flow wp-block-column-is-layout-flow\">\n<p class=\"has-normal-font-size\"><strong><em>Ensino B\u00e1sico<\/em><\/strong><\/p>\n\n\n\n<p class=\"has-normal-font-size\">Portugu\u00eas &gt; Matem\u00e1tica &gt; Estudo do Meio &gt; Educa\u00e7\u00e3o Art\u00edstica &gt; Educa\u00e7\u00e3o F\u00edsica &gt; <a href=\"http:\/\/Exames Nacionais &gt; M\u00e9dias Exames CFD\" target=\"_blank\" rel=\"noreferrer noopener\">2.\u00ba Ano<\/a><\/p>\n\n\n\n<p class=\"has-normal-font-size\">Educa\u00e7\u00e3o Musical &gt; Matem\u00e1tica e Ci\u00eancias Naturais &gt; <a href=\"https:\/\/drive.google.com\/file\/d\/1EjEGSty_96xuMMaPmeexyQzNFvG3uYkj\/view?usp=sharing\" target=\"_blank\" rel=\"noreferrer noopener\">5.\u00ba Ano<\/a><\/p>\n\n\n\n<p class=\"has-normal-font-size\">Portugu\u00eas &gt; Ingl\u00eas &gt; <a href=\"https:\/\/drive.google.com\/file\/d\/15tqheH1q70QK6Q64JTMcMbM325D6W3_8\/view?usp=sharing\" target=\"_blank\" rel=\"noreferrer noopener\">8.\u00ba Ano<\/a><\/p>\n<\/div>\n<\/div>\n\n\n\n<p><\/p>\n\n\n\n<p><\/p>\n\n\n\n<p><\/p>\n","protected":false},"excerpt":{"rendered":"<p>Exames Nacionais Exames Nacionais 2025\/2026 Calend\u00e1rio das Provas e Exames Informa\u00e7\u00e3o &#8211; Prova Geral Informa\u00e7\u00f5es &gt; 1.\u00ba Ciclo &gt; Provas de Equival\u00eancia a Frequ\u00eancia Informa\u00e7\u00f5es &gt; 2.\u00ba Ciclo &gt; Provas de Equival\u00eancia a Frequ\u00eancia Informa\u00e7\u00f5es &gt; 3.\u00ba Ciclo &gt; Provas de Equival\u00eancia a Frequ\u00eancia Informa\u00e7\u00f5es &gt; Ens. Secund\u00e1rio &gt; Provas de Equival\u00eancia a Frequ\u00eancia Calend\u00e1rio&#8230;<\/p>\n","protected":false},"author":1,"featured_media":857,"parent":0,"menu_order":0,"comment_status":"closed","ping_status":"closed","template":"","meta":{"footnotes":""},"class_list":["post-308","page","type-page","status-publish","has-post-thumbnail","hentry"],"_links":{"self":[{"href":"https:\/\/aesbvizela.edu.gov.pt\/index.php?rest_route=\/wp\/v2\/pages\/308","targetHints":{"allow":["GET"]}}],"collection":[{"href":"https:\/\/aesbvizela.edu.gov.pt\/index.php?rest_route=\/wp\/v2\/pages"}],"about":[{"href":"https:\/\/aesbvizela.edu.gov.pt\/index.php?rest_route=\/wp\/v2\/types\/page"}],"author":[{"embeddable":true,"href":"https:\/\/aesbvizela.edu.gov.pt\/index.php?rest_route=\/wp\/v2\/users\/1"}],"replies":[{"embeddable":true,"href":"https:\/\/aesbvizela.edu.gov.pt\/index.php?rest_route=%2Fwp%2Fv2%2Fcomments&post=308"}],"version-history":[{"count":28,"href":"https:\/\/aesbvizela.edu.gov.pt\/index.php?rest_route=\/wp\/v2\/pages\/308\/revisions"}],"predecessor-version":[{"id":3369,"href":"https:\/\/aesbvizela.edu.gov.pt\/index.php?rest_route=\/wp\/v2\/pages\/308\/revisions\/3369"}],"wp:featuredmedia":[{"embeddable":true,"href":"https:\/\/aesbvizela.edu.gov.pt\/index.php?rest_route=\/wp\/v2\/media\/857"}],"wp:attachment":[{"href":"https:\/\/aesbvizela.edu.gov.pt\/index.php?rest_route=%2Fwp%2Fv2%2Fmedia&parent=308"}],"curies":[{"name":"wp","href":"https:\/\/api.w.org\/{rel}","templated":true}]}}