{"id":35,"date":"2024-08-12T10:54:42","date_gmt":"2024-08-12T10:54:42","guid":{"rendered":"https:\/\/aesbvizela.edu.gov.pt\/?page_id=35"},"modified":"2026-02-27T15:37:42","modified_gmt":"2026-02-27T15:37:42","slug":"cursos-profissionais","status":"publish","type":"page","link":"https:\/\/aesbvizela.edu.gov.pt\/?page_id=35","title":{"rendered":"Cursos Profissionais"},"content":{"rendered":"\n<h2 class=\"wp-block-heading has-text-align-center\">Testa o que sabes<\/h2>\n\n\n\n<h3 class=\"wp-block-heading has-text-align-center\">Descobre o teu n\u00edvel digital!<\/h3>\n\n\n\n<figure class=\"wp-block-image aligncenter size-full\"><a href=\"https:\/\/academiaportugaldigital.pt\/testes\" target=\"_blank\" rel=\" noreferrer noopener\"><img loading=\"lazy\" decoding=\"async\" width=\"644\" height=\"192\" src=\"https:\/\/aesbvizela.edu.gov.pt\/wp-content\/uploads\/2026\/02\/Captura-de-ecra-2026-02-11-as-19.22.18.png\" alt=\"\" class=\"wp-image-2960\" srcset=\"https:\/\/aesbvizela.edu.gov.pt\/wp-content\/uploads\/2026\/02\/Captura-de-ecra-2026-02-11-as-19.22.18.png 644w, https:\/\/aesbvizela.edu.gov.pt\/wp-content\/uploads\/2026\/02\/Captura-de-ecra-2026-02-11-as-19.22.18-300x89.png 300w\" sizes=\"auto, (max-width: 644px) 100vw, 644px\" \/><\/a><\/figure>\n\n\n\n<figure class=\"wp-block-image aligncenter size-large\"><img loading=\"lazy\" decoding=\"async\" width=\"1024\" height=\"256\" src=\"https:\/\/aesbvizela.edu.gov.pt\/wp-content\/uploads\/2025\/05\/Banner2526_forms-1024x256.png\" alt=\"\" class=\"wp-image-1809\" srcset=\"https:\/\/aesbvizela.edu.gov.pt\/wp-content\/uploads\/2025\/05\/Banner2526_forms-1024x256.png 1024w, https:\/\/aesbvizela.edu.gov.pt\/wp-content\/uploads\/2025\/05\/Banner2526_forms-300x75.png 300w, https:\/\/aesbvizela.edu.gov.pt\/wp-content\/uploads\/2025\/05\/Banner2526_forms-768x192.png 768w, https:\/\/aesbvizela.edu.gov.pt\/wp-content\/uploads\/2025\/05\/Banner2526_forms-1536x384.png 1536w, https:\/\/aesbvizela.edu.gov.pt\/wp-content\/uploads\/2025\/05\/Banner2526_forms.png 1600w\" sizes=\"auto, (max-width: 1024px) 100vw, 1024px\" \/><\/figure>\n\n\n\n<h2 class=\"wp-block-heading has-text-align-center\">Inscri\u00e7\u00f5es 25&#8217;26<\/h2>\n\n\n\n<div class=\"wp-block-columns is-layout-flex wp-container-core-columns-is-layout-28f84493 wp-block-columns-is-layout-flex\">\n<div class=\"wp-block-column is-layout-flow wp-block-column-is-layout-flow\" style=\"flex-basis:33.33%\">\n<p>T\u00e9cnico(a) de Apoio Psicossocial<\/p>\n\n\n\n<p>T\u00e9cnico(a) de Instala\u00e7\u00f5es El\u00e9tricas<\/p>\n\n\n\n<p><a href=\"https:\/\/docs.google.com\/forms\/d\/e\/1FAIpQLSenmnfpL9QefHhhSxNGq8KPSMinFmfeDWtvxd4mqAnQ1o6S9Q\/viewform?usp=dialog\" target=\"_blank\" rel=\"noreferrer noopener\">Realiza a tua pr\u00e9-inscri\u00e7\u00e3o<\/a><\/p>\n<\/div>\n\n\n\n<div class=\"wp-block-column is-layout-flow wp-block-column-is-layout-flow\" style=\"flex-basis:66.66%\">\n<figure class=\"wp-block-image aligncenter size-large is-resized\"><img loading=\"lazy\" decoding=\"async\" width=\"1024\" height=\"1024\" src=\"https:\/\/aesbvizela.edu.gov.pt\/wp-content\/uploads\/2025\/05\/qr-code-2-1024x1024.png\" alt=\"\" class=\"wp-image-1811\" style=\"width:201px;height:auto\" srcset=\"https:\/\/aesbvizela.edu.gov.pt\/wp-content\/uploads\/2025\/05\/qr-code-2-1024x1024.png 1024w, https:\/\/aesbvizela.edu.gov.pt\/wp-content\/uploads\/2025\/05\/qr-code-2-300x300.png 300w, https:\/\/aesbvizela.edu.gov.pt\/wp-content\/uploads\/2025\/05\/qr-code-2-150x150.png 150w, https:\/\/aesbvizela.edu.gov.pt\/wp-content\/uploads\/2025\/05\/qr-code-2-768x768.png 768w, https:\/\/aesbvizela.edu.gov.pt\/wp-content\/uploads\/2025\/05\/qr-code-2.png 1113w\" sizes=\"auto, (max-width: 1024px) 100vw, 1024px\" \/><\/figure>\n<\/div>\n<\/div>\n\n\n\n<figure class=\"wp-block-gallery has-nested-images columns-default is-cropped wp-block-gallery-1 is-layout-flex wp-block-gallery-is-layout-flex\">\n<figure class=\"wp-block-image aligncenter size-large\"><img loading=\"lazy\" decoding=\"async\" width=\"410\" height=\"1024\" data-id=\"1922\" src=\"https:\/\/aesbvizela.edu.gov.pt\/wp-content\/uploads\/2025\/06\/1-410x1024.png\" alt=\"\" class=\"wp-image-1922\" srcset=\"https:\/\/aesbvizela.edu.gov.pt\/wp-content\/uploads\/2025\/06\/1-410x1024.png 410w, https:\/\/aesbvizela.edu.gov.pt\/wp-content\/uploads\/2025\/06\/1-120x300.png 120w, https:\/\/aesbvizela.edu.gov.pt\/wp-content\/uploads\/2025\/06\/1-768x1920.png 768w, https:\/\/aesbvizela.edu.gov.pt\/wp-content\/uploads\/2025\/06\/1.png 800w\" sizes=\"auto, (max-width: 410px) 100vw, 410px\" \/><\/figure>\n\n\n\n<figure class=\"wp-block-image aligncenter size-large\"><img loading=\"lazy\" decoding=\"async\" width=\"410\" height=\"1024\" data-id=\"1921\" src=\"https:\/\/aesbvizela.edu.gov.pt\/wp-content\/uploads\/2025\/06\/2-410x1024.png\" alt=\"\" class=\"wp-image-1921\" srcset=\"https:\/\/aesbvizela.edu.gov.pt\/wp-content\/uploads\/2025\/06\/2-410x1024.png 410w, https:\/\/aesbvizela.edu.gov.pt\/wp-content\/uploads\/2025\/06\/2-120x300.png 120w, https:\/\/aesbvizela.edu.gov.pt\/wp-content\/uploads\/2025\/06\/2-768x1920.png 768w, https:\/\/aesbvizela.edu.gov.pt\/wp-content\/uploads\/2025\/06\/2.png 800w\" sizes=\"auto, (max-width: 410px) 100vw, 410px\" \/><\/figure>\n<\/figure>\n\n\n\n<div style=\"height:100px\" aria-hidden=\"true\" class=\"wp-block-spacer\"><\/div>\n\n\n\n<div class=\"wp-block-columns is-layout-flex wp-container-core-columns-is-layout-28f84493 wp-block-columns-is-layout-flex\">\n<div class=\"wp-block-column is-layout-flow wp-block-column-is-layout-flow\">\n<figure class=\"wp-block-image aligncenter size-full is-resized\"><a href=\"https:\/\/pessoas2030.gov.pt\/o-pessoas-2030\/#etapas\" target=\"_blank\" rel=\" noreferrer noopener\"><img loading=\"lazy\" decoding=\"async\" width=\"604\" height=\"582\" src=\"https:\/\/aesbvizela.edu.gov.pt\/wp-content\/uploads\/2025\/02\/Selo_OIE-1.png\" alt=\"\" class=\"wp-image-1245\" style=\"width:86px;height:auto\" srcset=\"https:\/\/aesbvizela.edu.gov.pt\/wp-content\/uploads\/2025\/02\/Selo_OIE-1.png 604w, https:\/\/aesbvizela.edu.gov.pt\/wp-content\/uploads\/2025\/02\/Selo_OIE-1-300x289.png 300w\" sizes=\"auto, (max-width: 604px) 100vw, 604px\" \/><\/a><\/figure>\n<\/div>\n\n\n\n<div class=\"wp-block-column is-layout-flow wp-block-column-is-layout-flow\">\n<figure class=\"wp-block-image aligncenter size-large\"><a href=\"https:\/\/pessoas2030.gov.pt\/o-pessoas-2030\/#etapas\" target=\"_blank\" rel=\" noreferrer noopener\"><img loading=\"lazy\" decoding=\"async\" width=\"1024\" height=\"367\" src=\"http:\/\/aesbvizela.edu.gov.pt\/wp-content\/uploads\/2024\/08\/Logotipo-02-1024x367.png\" alt=\"\" class=\"wp-image-164\" srcset=\"https:\/\/aesbvizela.edu.gov.pt\/wp-content\/uploads\/2024\/08\/Logotipo-02-1024x367.png 1024w, https:\/\/aesbvizela.edu.gov.pt\/wp-content\/uploads\/2024\/08\/Logotipo-02-300x108.png 300w, https:\/\/aesbvizela.edu.gov.pt\/wp-content\/uploads\/2024\/08\/Logotipo-02-768x275.png 768w, https:\/\/aesbvizela.edu.gov.pt\/wp-content\/uploads\/2024\/08\/Logotipo-02-1536x551.png 1536w, https:\/\/aesbvizela.edu.gov.pt\/wp-content\/uploads\/2024\/08\/Logotipo-02-2048x734.png 2048w\" sizes=\"auto, (max-width: 1024px) 100vw, 1024px\" \/><\/a><\/figure>\n<\/div>\n\n\n\n<div class=\"wp-block-column is-layout-flow wp-block-column-is-layout-flow\">\n<figure class=\"wp-block-image aligncenter size-large is-resized\"><a href=\"https:\/\/pessoas2030.gov.pt\/o-pessoas-2030\/#etapas\" target=\"_blank\" rel=\" noreferrer noopener\"><img loading=\"lazy\" decoding=\"async\" width=\"1024\" height=\"512\" src=\"http:\/\/aesbvizela.edu.gov.pt\/wp-content\/uploads\/2024\/08\/PT2030_COR-1024x512.png\" alt=\"\" class=\"wp-image-165\" style=\"width:194px;height:auto\" srcset=\"https:\/\/aesbvizela.edu.gov.pt\/wp-content\/uploads\/2024\/08\/PT2030_COR-1024x512.png 1024w, https:\/\/aesbvizela.edu.gov.pt\/wp-content\/uploads\/2024\/08\/PT2030_COR-300x150.png 300w, https:\/\/aesbvizela.edu.gov.pt\/wp-content\/uploads\/2024\/08\/PT2030_COR-768x384.png 768w, https:\/\/aesbvizela.edu.gov.pt\/wp-content\/uploads\/2024\/08\/PT2030_COR-1536x768.png 1536w, https:\/\/aesbvizela.edu.gov.pt\/wp-content\/uploads\/2024\/08\/PT2030_COR.png 2000w\" sizes=\"auto, (max-width: 1024px) 100vw, 1024px\" \/><\/a><\/figure>\n<\/div>\n\n\n\n<div class=\"wp-block-column is-layout-flow wp-block-column-is-layout-flow\">\n<figure class=\"wp-block-image size-large\"><img loading=\"lazy\" decoding=\"async\" width=\"1024\" height=\"220\" src=\"http:\/\/aesbvizela.edu.gov.pt\/wp-content\/uploads\/2024\/08\/PESSOAS2030_BarraCofinan_Sem_Desig_RGB-e1723560625183-1024x220.png\" alt=\"\" class=\"wp-image-82\" srcset=\"https:\/\/aesbvizela.edu.gov.pt\/wp-content\/uploads\/2024\/08\/PESSOAS2030_BarraCofinan_Sem_Desig_RGB-e1723560625183-1024x220.png 1024w, https:\/\/aesbvizela.edu.gov.pt\/wp-content\/uploads\/2024\/08\/PESSOAS2030_BarraCofinan_Sem_Desig_RGB-e1723560625183-300x64.png 300w, https:\/\/aesbvizela.edu.gov.pt\/wp-content\/uploads\/2024\/08\/PESSOAS2030_BarraCofinan_Sem_Desig_RGB-e1723560625183-768x165.png 768w, https:\/\/aesbvizela.edu.gov.pt\/wp-content\/uploads\/2024\/08\/PESSOAS2030_BarraCofinan_Sem_Desig_RGB-e1723560625183-1536x330.png 1536w, https:\/\/aesbvizela.edu.gov.pt\/wp-content\/uploads\/2024\/08\/PESSOAS2030_BarraCofinan_Sem_Desig_RGB-e1723560625183-2048x440.png 2048w\" sizes=\"auto, (max-width: 1024px) 100vw, 1024px\" \/><\/figure>\n<\/div>\n<\/div>\n\n\n\n<h3 class=\"wp-block-heading has-text-align-center\">Projetos cofinanciados pelo Fundo Social Europeu e Estado Portugu\u00eas<\/h3>\n\n\n\n<figure class=\"wp-block-table is-style-stripes\"><table class=\"has-meta-color-background-color has-background\" style=\"border-style:none;border-width:0px\"><thead><tr><th class=\"has-text-align-center\" data-align=\"center\">C\u00d3DIGO DE OPERA\u00c7\u00c3O<\/th><th class=\"has-text-align-center\" data-align=\"center\">DESIGNA\u00c7\u00c3O DE OPERA\u00c7\u00c3O<\/th><th class=\"has-text-align-center\" data-align=\"center\">FICHA DE OPERA\u00c7\u00c3O<\/th><\/tr><\/thead><tbody><tr><td class=\"has-text-align-center\" data-align=\"center\">PESSOAS-FSE+-00674400<\/td><td class=\"has-text-align-center\" data-align=\"center\">Cursos Profissionais &gt; <strong>ano letivo 2023\/2024<\/strong><\/td><td class=\"has-text-align-center\" data-align=\"center\"><a href=\"http:\/\/aesbvizela.edu.gov.pt\/wp-content\/uploads\/2025\/03\/Ficha-Operacao_2023_2024.pdf\" target=\"_blank\" rel=\"noreferrer noopener\">Ficha Opera\u00e7\u00e3o<\/a><\/td><\/tr><tr><td class=\"has-text-align-center\" data-align=\"center\">PESSOAS-FSE+-01775000<\/td><td class=\"has-text-align-center\" data-align=\"center\">Cursos Profissionais &gt; <strong>ano letivo 2024\/2025<\/strong><\/td><td class=\"has-text-align-center\" data-align=\"center\"><a href=\"http:\/\/aesbvizela.edu.gov.pt\/wp-content\/uploads\/2025\/03\/PESSOAS2030_FichaOperacao_A4_com_selo_Opcao-2-1.pdf\" target=\"_blank\" rel=\"noreferrer noopener\">Ficha Opera\u00e7\u00e3o<\/a><\/td><\/tr><tr><td class=\"has-text-align-center\" data-align=\"center\">PESSOAS-FSE+-03312800<\/td><td class=\"has-text-align-center\" data-align=\"center\">Cursos Profissionais > <strong>ano letivo 2025\/2026<\/strong><\/td><td class=\"has-text-align-center\" data-align=\"center\"><a href=\"http:\/\/aesbvizela.edu.gov.pt\/wp-content\/uploads\/2026\/02\/Ficha-Operacao2526_A4_com_selo_imagem.pdf\" target=\"_blank\" rel=\"noreferrer noopener\">Ficha Opera\u00e7\u00e3o<\/a><\/td><\/tr><\/tbody><\/table><\/figure>\n\n\n\n<figure class=\"wp-block-image aligncenter size-full\"><img loading=\"lazy\" decoding=\"async\" width=\"607\" height=\"849\" src=\"https:\/\/aesbvizela.edu.gov.pt\/wp-content\/uploads\/2025\/02\/Captura-de-ecra-2025-02-17-162449.png\" alt=\"\" class=\"wp-image-1243\" srcset=\"https:\/\/aesbvizela.edu.gov.pt\/wp-content\/uploads\/2025\/02\/Captura-de-ecra-2025-02-17-162449.png 607w, https:\/\/aesbvizela.edu.gov.pt\/wp-content\/uploads\/2025\/02\/Captura-de-ecra-2025-02-17-162449-214x300.png 214w\" sizes=\"auto, (max-width: 607px) 100vw, 607px\" \/><\/figure>\n\n\n\n<p><strong>Oferta 24&#8217;27<\/strong><\/p>\n\n\n\n<p>Curso Profissional de Gest\u00e3o de Equipamentos Inform\u00e1ticos &gt; GEI<\/p>\n\n\n\n<p>Curso Profissional de T\u00e9cnico de Apoio Psicossocial &gt; TAP<\/p>\n\n\n\n<p>Posi\u00e7\u00e3o a n\u00edvel nacional do aeSB &gt; Ens. Profissional (<a href=\"https:\/\/expresso.pt\/ranking-das-escolas\/2023\" target=\"_blank\" rel=\"noreferrer noopener\">Ranking Expresso 2023<\/a>)<\/p>\n\n\n\n<p>Posi\u00e7\u00e3o Geral<\/p>\n\n\n\n<p class=\"has-xxx-large-font-size\"><strong>11.\u00ba Lugar<\/strong><\/p>\n\n\n\n<p class=\"has-medium-font-size\"><strong>100%<\/strong> de taxa de conclus\u00e3o no tempo normal<\/p>\n\n\n\n<p class=\"has-medium-font-size\"><strong>0%<\/strong> taxa de abandono<\/p>\n\n\n\n<p>23,98 Indicadores de Conclus\u00e3o &gt; Diferen\u00e7a entre a percentagem de conclus\u00f5es dos cursos em 3 anos na escola e a m\u00e9dia nacional para alunos com um perfil anterior semelhante (idade com que entraram no Ensino Profissional e a\u00e7\u00e3o social escolar)<\/p>\n\n\n\n<div style=\"height:100px\" aria-hidden=\"true\" class=\"wp-block-spacer\"><\/div>\n\n\n\n<p class=\"has-normal-font-size\"><strong>Academia Digital Portugal<\/strong><\/p>\n\n\n\n<p class=\"has-normal-font-size\">Realiza o(s) teste(s) e fica a conhecer as recomenda\u00e7\u00f5es dos cursos para melhorares as tuas compet\u00eancias digitais.<\/p>\n\n\n\n<figure class=\"wp-block-image size-full\"><a href=\"https:\/\/portugaldigital.gov.pt\/formar-pessoas-para-o-digital\/oferta-de-formacao-em-competencias-digitais\/academia-portugal-digital\/\" target=\"_blank\" rel=\"noreferrer noopener\"><img loading=\"lazy\" decoding=\"async\" width=\"453\" height=\"288\" src=\"http:\/\/aesbvizela.edu.gov.pt\/wp-content\/uploads\/2024\/10\/image001.png\" alt=\"\" class=\"wp-image-533\" srcset=\"https:\/\/aesbvizela.edu.gov.pt\/wp-content\/uploads\/2024\/10\/image001.png 453w, https:\/\/aesbvizela.edu.gov.pt\/wp-content\/uploads\/2024\/10\/image001-300x191.png 300w\" sizes=\"auto, (max-width: 453px) 100vw, 453px\" \/><\/a><\/figure>\n\n\n\n<p><\/p>\n","protected":false},"excerpt":{"rendered":"<p>Testa o que sabes Descobre o teu n\u00edvel digital! Inscri\u00e7\u00f5es 25&#8217;26 T\u00e9cnico(a) de Apoio Psicossocial T\u00e9cnico(a) de Instala\u00e7\u00f5es El\u00e9tricas Realiza a tua pr\u00e9-inscri\u00e7\u00e3o Projetos cofinanciados pelo Fundo Social Europeu e Estado Portugu\u00eas C\u00d3DIGO DE OPERA\u00c7\u00c3O DESIGNA\u00c7\u00c3O DE OPERA\u00c7\u00c3O FICHA DE OPERA\u00c7\u00c3O PESSOAS-FSE+-00674400 Cursos Profissionais &gt; ano letivo 2023\/2024 Ficha Opera\u00e7\u00e3o PESSOAS-FSE+-01775000 Cursos Profissionais &gt; ano&#8230;<\/p>\n","protected":false},"author":1,"featured_media":0,"parent":0,"menu_order":0,"comment_status":"closed","ping_status":"closed","template":"","meta":{"footnotes":""},"class_list":["post-35","page","type-page","status-publish","hentry"],"_links":{"self":[{"href":"https:\/\/aesbvizela.edu.gov.pt\/index.php?rest_route=\/wp\/v2\/pages\/35","targetHints":{"allow":["GET"]}}],"collection":[{"href":"https:\/\/aesbvizela.edu.gov.pt\/index.php?rest_route=\/wp\/v2\/pages"}],"about":[{"href":"https:\/\/aesbvizela.edu.gov.pt\/index.php?rest_route=\/wp\/v2\/types\/page"}],"author":[{"embeddable":true,"href":"https:\/\/aesbvizela.edu.gov.pt\/index.php?rest_route=\/wp\/v2\/users\/1"}],"replies":[{"embeddable":true,"href":"https:\/\/aesbvizela.edu.gov.pt\/index.php?rest_route=%2Fwp%2Fv2%2Fcomments&post=35"}],"version-history":[{"count":19,"href":"https:\/\/aesbvizela.edu.gov.pt\/index.php?rest_route=\/wp\/v2\/pages\/35\/revisions"}],"predecessor-version":[{"id":3102,"href":"https:\/\/aesbvizela.edu.gov.pt\/index.php?rest_route=\/wp\/v2\/pages\/35\/revisions\/3102"}],"wp:attachment":[{"href":"https:\/\/aesbvizela.edu.gov.pt\/index.php?rest_route=%2Fwp%2Fv2%2Fmedia&parent=35"}],"curies":[{"name":"wp","href":"https:\/\/api.w.org\/{rel}","templated":true}]}}