{"id":38,"date":"2024-08-12T10:50:47","date_gmt":"2024-08-12T10:50:47","guid":{"rendered":"https:\/\/aesbvizela.edu.gov.pt\/?page_id=38"},"modified":"2026-01-16T14:52:55","modified_gmt":"2026-01-16T14:52:55","slug":"quem-somos","status":"publish","type":"page","link":"https:\/\/aesbvizela.edu.gov.pt\/?page_id=38","title":{"rendered":"Quem somos"},"content":{"rendered":"\n<p>A hist\u00f3ria do Agrupamento de Escolas de S. Bento iniciou-se em 2005 com a instala\u00e7\u00e3o da escola e em 2006 como agrupamento de Infias (100377). A 23 de mar\u00e7o de 2022 foi autorizada a altera\u00e7\u00e3o de denomina\u00e7\u00e3o para Agrupamento de Escolas de S. Bento, Vizela, fazendo dele parte os seguintes estabelecimentos:<\/p>\n\n\n\n<p>Escola B\u00e1sica e Secund\u00e1ria de S. Bento, Vizela (Escola Sede);<br>Escola B\u00e1sica de S. Miguel;<br>Escola B\u00e1sica de Tagilde;<br>Escola B\u00e1sica de Vizela (S. Paio);<br>Escola B\u00e1sica de Infias.<\/p>\n\n\n\n<p>Ao longo destes anos passaram pelo aeSB muitos alunos e professores que constru\u00edram a nossa hist\u00f3ria e que continuam a constru\u00ed-la com a ideia de transformar a nossa cidade de Vizela e o mundo para um lugar onde todos t\u00eam a sua voz e onde todos possam participar ativamente na vida da(s) comunidade(s).<\/p>\n\n\n\n<div style=\"height:100px\" aria-hidden=\"true\" class=\"wp-block-spacer\"><\/div>\n\n\n\n<p class=\"has-big-font-size\"><strong>LEMA<\/strong><\/p>\n\n\n\n<p class=\"has-xxx-large-font-size\"><strong>\u201cEncorajar o voo 2.0\u201d<\/strong><\/p>\n\n\n\n<p>Na procura constante de uma organiza\u00e7\u00e3o escolar mais eficaz, com maior qualidade e rigor, conseguida pela presta\u00e7\u00e3o de contas e pelo di\u00e1logo com a comunidade envolvente, em paralelo com os dispositivos de avalia\u00e7\u00e3o empreendidos pelo agrupamento, tendo sempre presente que a constru\u00e7\u00e3o de um \u201cmelhor agrupamento\u201d implica exig\u00eancias sociais e pol\u00edticas que os diversos agentes t\u00eam de assumir na transforma\u00e7\u00e3o das suas pr\u00e1ticas.<\/p>\n\n\n\n<p><\/p>\n\n\n\n<p class=\"has-big-font-size\"><strong>MISS\u00c3O<\/strong><\/p>\n\n\n\n<p><strong>A MISS\u00c3O do agrupamento<\/strong> tem subjacente uma vis\u00e3o clara do que se pretende para o agrupamento:<\/p>\n\n\n\n<blockquote class=\"wp-block-quote is-layout-flow wp-block-quote-is-layout-flow\">\n<p>Promover uma educa\u00e7\u00e3o focada nos valores de cidadania de forma a conduzir a cidad\u00e3os respons\u00e1veis, com capacidade cr\u00edtica e reflexiva, capazes de assumir, na sua liberdade individual, o respeito pelos outros;<\/p>\n<\/blockquote>\n\n\n\n<blockquote class=\"wp-block-quote is-layout-flow wp-block-quote-is-layout-flow\">\n<p>Criar um clima de escola baseado num ambiente de humanismo e responsabilidade, pautada por padr\u00f5es de exig\u00eancia, promotores de qualidade, felicidade e bem-estar aos alunos;<\/p>\n<\/blockquote>\n\n\n\n<blockquote class=\"wp-block-quote is-layout-flow wp-block-quote-is-layout-flow\">\n<p>Promover uma Escola Inclusiva, criar condi\u00e7\u00f5es que permitam, aos alunos, o prosseguimento de estudos e integra\u00e7\u00e3o no mundo do trabalho;<\/p>\n<\/blockquote>\n\n\n\n<blockquote class=\"wp-block-quote is-layout-flow wp-block-quote-is-layout-flow\">\n<p>Dotar os alunos de compet\u00eancias e conhecimentos que lhes permitam explorar capacidades, tornando-os cidad\u00e3os aut\u00f3nomos;<\/p>\n<\/blockquote>\n\n\n\n<blockquote class=\"wp-block-quote is-layout-flow wp-block-quote-is-layout-flow\">\n<p>Promover a\u00e7\u00f5es que conduzam ao sucesso escolar e pessoal;<\/p>\n<\/blockquote>\n\n\n\n<blockquote class=\"wp-block-quote is-layout-flow wp-block-quote-is-layout-flow\">\n<p>Combater o abandono escolar.<\/p>\n<\/blockquote>\n\n\n\n<div style=\"height:100px\" aria-hidden=\"true\" class=\"wp-block-spacer\"><\/div>\n\n\n\n<p class=\"has-big-font-size\"><strong>CONSELHO GERAL<\/strong><\/p>\n\n\n\n<p><strong><em>Presidente <\/em><\/strong>&#8211; Elisabete Manuela da Silva Granja<\/p>\n\n\n\n<p>Brigite Maria Martins Pereira (Pessoal docente)<\/p>\n\n\n\n<p>Cristina Maria da Silva Mendes de Almeida (Pessoal docente)<\/p>\n\n\n\n<p>Elisabete Manuela da Silva Granja (Pessoal docente)<\/p>\n\n\n\n<p>Gracinda Manuela Silva Cunha (Pessoal docente)<\/p>\n\n\n\n<p>Helena Maria de Oliveira Ribeiro (Pessoal docente)<\/p>\n\n\n\n<p>Lu\u00eds Orlando Vaz de Miranda (Pessoal docente)<\/p>\n\n\n\n<p>Maria Assun\u00e7\u00e3o dos Santos Pacheco (Pessoal docente)<\/p>\n\n\n\n<p>Aldara Ribeiro Faria de Lima (Pessoal n\u00e3o docente)<\/p>\n\n\n\n<p>Maria Eduarda Peixoto Cunha (Pessoal n\u00e3o docente)<\/p>\n\n\n\n<p>Ana Lu\u00edsa Borges da Silva (Aluno)<\/p>\n\n\n\n<p>Bruno Miguel Martins Silva (Pais e Encarregados de Educa\u00e7\u00e3o)<\/p>\n\n\n\n<p>Liliana Ferreira (Pais e Encarregados de Educa\u00e7\u00e3o)<\/p>\n\n\n\n<p>Ricardo Jos\u00e9 Fernandes Monteiro (Pais e Encarregados de Educa\u00e7\u00e3o)<\/p>\n\n\n\n<p>Ricardo Manuel Sousa da Costa (Pais e Encarregados de Educa\u00e7\u00e3o)<\/p>\n\n\n\n<p>Romain Magalh\u00e3es Costa (Pais e Encarregados de Educa\u00e7\u00e3o)<\/p>\n\n\n\n<p>Maria Agostinha Ribeiro de Freitas (Autarquia)<\/p>\n\n\n\n<p>Carla Manuela Monteiro Pinto Leite (Autarquia)<\/p>\n\n\n\n<p>Ana Paula Silva Gon\u00e7alves Machado (Autarquia)<\/p>\n\n\n\n<p>N\u00e9lson Manuel Fernandes Machado (Unidade de Sa\u00fade Familiar &#8220;Novos Rumos&#8221;)<\/p>\n\n\n\n<p>Maria Jos\u00e9 Borges (Associa\u00e7\u00e3o Cultural Avicella)<\/p>\n\n\n\n<p>N\u00e9lson Hern\u00e2ni Martins Leite (Associa\u00e7\u00e3o Juvenil e Pastoral &#8220;Grupo de Jovens de Infias&#8221;)<\/p>\n\n\n\n<div style=\"height:100px\" aria-hidden=\"true\" class=\"wp-block-spacer\"><\/div>\n\n\n\n<p class=\"has-big-font-size\"><strong>DIRETOR<\/strong><\/p>\n\n\n\n<p><strong><em>Diretor <\/em><\/strong>&#8211; Bento Filipe Ribeiro da Silva Gon\u00e7alves (filipegoncalves@aesbvizela.pt)<\/p>\n\n\n\n<p><strong><em>Subdiretor <\/em><\/strong>&#8211; Manuel da Costa Abreu (manuelabreu@aesbvizela.pt)<\/p>\n\n\n\n<p><strong><em>Adjunta <\/em><\/strong>&#8211; Val\u00e9ria Maria Coelho de Freitas Pereira (valeriafreitas@aesbvizela.pt)<\/p>\n\n\n\n<p><strong><em>Adjunta <\/em><\/strong>&#8211; Maria Jos\u00e9 de Almeida Freitas Oliveira (mariajoseoliveira@aesbvizela.pt)<\/p>\n\n\n\n<p><strong><em>Adjunto <\/em><\/strong>&#8211; Filipe Manuel da Cruz Pereira (filipepereira@aesbvizela.pt)<\/p>\n\n\n\n<figure class=\"wp-block-image aligncenter size-large\"><img loading=\"lazy\" decoding=\"async\" width=\"1024\" height=\"483\" src=\"https:\/\/aesbvizela.edu.gov.pt\/wp-content\/uploads\/2024\/08\/IMG_5648-1024x483.jpg\" alt=\"\" class=\"wp-image-187\" srcset=\"https:\/\/aesbvizela.edu.gov.pt\/wp-content\/uploads\/2024\/08\/IMG_5648-1024x483.jpg 1024w, https:\/\/aesbvizela.edu.gov.pt\/wp-content\/uploads\/2024\/08\/IMG_5648-300x142.jpg 300w, https:\/\/aesbvizela.edu.gov.pt\/wp-content\/uploads\/2024\/08\/IMG_5648-768x363.jpg 768w, https:\/\/aesbvizela.edu.gov.pt\/wp-content\/uploads\/2024\/08\/IMG_5648-1536x725.jpg 1536w, https:\/\/aesbvizela.edu.gov.pt\/wp-content\/uploads\/2024\/08\/IMG_5648-2048x967.jpg 2048w\" sizes=\"auto, (max-width: 1024px) 100vw, 1024px\" \/><figcaption class=\"wp-element-caption\">Equipa<\/figcaption><\/figure>\n\n\n\n<div style=\"height:100px\" aria-hidden=\"true\" class=\"wp-block-spacer\"><\/div>\n\n\n\n<p class=\"has-big-font-size\"><strong>CONSELHO DE ADMINISTRA\u00c7\u00c3O<\/strong><\/p>\n\n\n\n<p><strong><em>Diretor e Presidente do \u00d3rg\u00e3o<\/em><\/strong> &#8211; Bento Filipe Ribeiro da Silva Gon\u00e7alves<\/p>\n\n\n\n<p><strong><em>Vice-Presidente<\/em><\/strong> &#8211; Val\u00e9ria Maria Coelho de Freitas Pereira<\/p>\n\n\n\n<p><strong><em>Coordenadora T\u00e9cnica e Secret\u00e1ria<\/em><\/strong> &#8211; Maria Arminda Freitas Alves<\/p>\n\n\n\n<div style=\"height:100px\" aria-hidden=\"true\" class=\"wp-block-spacer\"><\/div>\n\n\n\n<p class=\"has-big-font-size\"><strong>CONSELHO PEDAG\u00d3GICO<\/strong><\/p>\n\n\n\n<p><strong><em>Diretor e Presidente do \u00d3rg\u00e3o<\/em><\/strong> &#8211; Bento Filipe Ribeiro da Silva Gon\u00e7alves<\/p>\n\n\n\n<p><strong><em>Coordenadora do departamento da Educa\u00e7\u00e3o Pr\u00e9-Escolar<\/em><\/strong> &#8211; Marta Isabel Guimar\u00e3es Nogueira Guedes<\/p>\n\n\n\n<p><strong><em>Coordenadora do departamento do 1.\u00ba Ciclo do Ensino B\u00e1sico<\/em><\/strong> &#8211; Maria Irene Soares Leite<\/p>\n\n\n\n<p><strong><em>Coordenadora do departamento de L\u00ednguas<\/em><\/strong> &#8211; Ana Paula Gomes Soares<\/p>\n\n\n\n<p><strong><em>Coordenadora do departamento de Ci\u00eancias Sociais e Humanas<\/em><\/strong> &#8211; Paula Alexandra Silva Macedo Fernandes<\/p>\n\n\n\n<p><strong><em>Coordenadora do departamento de Matem\u00e1tica e Ci\u00eancias Experimentais<\/em><\/strong> &#8211; Susana Daniela da Silva Fernandes<\/p>\n\n\n\n<p><strong><em>Coordenador do departamento de Express\u00f5es<\/em><\/strong> &#8211; Rodrigo Ant\u00f3nio Ferreira e Barros<\/p>\n\n\n\n<p><strong><em>Coordenadora do departamento do Educa\u00e7\u00e3o Especial<\/em><\/strong> &#8211; Paula Manuela Ribeiro Faria de Lima<\/p>\n\n\n\n<p><strong><em>Coordenador dos professores titulares de turma<\/em><\/strong> &#8211; Tiago Silva<\/p>\n\n\n\n<p><strong><em>Coordenador dos diretores de turma<\/em><\/strong> &#8211; Cristina Maria Valente G. Magalh\u00e3es Viveiros<\/p>\n\n\n\n<p><strong><em>Representante das Professoras Bibliotec\u00e1rias<\/em><\/strong> &#8211; Carla Sofia Faria Pedro<\/p>\n\n\n\n<p><strong><em>Coordenador de Projetos Escolares<\/em><\/strong> &#8211; H\u00e9lder Ricardo Gon\u00e7alves Pereira<\/p>\n\n\n\n<p><strong><em>Representante dos Diretores de Curso<\/em><\/strong> &#8211; Maria Fernanda Torres de Almeida<\/p>\n\n\n\n<p><strong><em>Coordenador da equipa de autoavalia\u00e7\u00e3o e plano de forma\u00e7\u00e3o<\/em><\/strong> &#8211; Maria da Concei\u00e7\u00e3o Miranda Ferreira Ribeiro<\/p>\n\n\n\n<p><strong><em>Coordenador da Estrat\u00e9gia de Educa\u00e7\u00e3o para a Cidadania<\/em><\/strong> &#8211; Maria de F\u00e1tima Vilas Boas da Silva<\/p>\n\n\n\n<div style=\"height:100px\" aria-hidden=\"true\" class=\"wp-block-spacer\"><\/div>\n\n\n\n<p class=\"has-big-font-size\"><strong>COMPOSI\u00c7\u00c3O DOS DEPARTAMENTOS CURRICULARES<\/strong><\/p>\n\n\n\n<figure class=\"wp-block-table\"><table class=\"has-fixed-layout\"><thead><tr><th>Departamentos<\/th><th>\u00c1reas disciplinares<\/th><th>Grupos de Recrutamento<\/th><\/tr><\/thead><tbody><tr><td>Educa\u00e7\u00e3o Pr\u00e9-Escolar<\/td><td>&nbsp;<\/td><td>100<\/td><\/tr><tr><td>1.\u00ba Ciclo do Ensino B\u00e1sico<\/td><td>Professores titulares de turma, de apoio educativo e de Ingl\u00eas do 1.\u00ba ciclo<\/td><td>110, 120<\/td><\/tr><tr><td rowspan=\"2\">L\u00ednguas<\/td><td>Portugu\u00eas<\/td><td>200*, 210*, 220<sup>*<\/sup>, 300<\/td><\/tr><tr><td>L\u00ednguas estrangeiras<\/td><td>220*, 300, 310, 320*, 330*, 340, 350<\/td><\/tr><tr><td rowspan=\"3\">Ci\u00eancias Sociais e Humanas<\/td><td>Hist\u00f3ria e Estudos Sociais<\/td><td>200*, 400<\/td><\/tr><tr><td>Filosofia e Educa\u00e7\u00e3o Moral e Religiosa<\/td><td>290, 410<\/td><\/tr><tr><td>Geografia e Economia<\/td><td>420, 430<\/td><\/tr><tr><td rowspan=\"4\">Matem\u00e1tica e Ci\u00eancias Experimentais<\/td><td>Matem\u00e1tica<\/td><td>230*, 500<\/td><\/tr><tr><td>Biologia e Geologia<\/td><td>230*, 520<\/td><\/tr><tr><td>F\u00edsica e Qu\u00edmica<\/td><td>510<\/td><\/tr><tr><td>Inform\u00e1tica<\/td><td>550<\/td><\/tr><tr><td rowspan=\"2\">Express\u00f5es<\/td><td>Artes<\/td><td>240, 250, 530, 600, 610<\/td><\/tr><tr><td>Educa\u00e7\u00e3o F\u00edsica<\/td><td>260, 620<\/td><\/tr><tr><td>Educa\u00e7\u00e3o Especial<\/td><td>&nbsp;<\/td><td>910, 920, 930<\/td><\/tr><\/tbody><\/table><figcaption class=\"wp-element-caption\">* Grupo de recrutamento com docentes que podem integrar mais do que uma \u00e1rea disciplinar.<\/figcaption><\/figure>\n\n\n\n<hr class=\"wp-block-separator has-alpha-channel-opacity\"\/>\n\n\n\n<p><\/p>\n\n\n\n<p class=\"has-big-font-size\"><strong>ASSOCIA\u00c7\u00c3O DE PAIS<\/strong><\/p>\n\n\n\n<p>Escola sede &gt; Presidente &#8211; Manuel Gomes<\/p>\n\n\n\n<p>EB Infias &gt; Presidente &#8211; Vitor Bruno Alves<\/p>\n\n\n\n<p>EB S. Miguel &gt; Presidente &#8211; M\u00e1rio Jos\u00e9 Almeida Ribeiro<\/p>\n\n\n\n<p>EB Tagilde &gt; Presidente &#8211; F\u00e1tima Coelho<\/p>\n\n\n\n<p>EB S. Paio &gt; Jos\u00e9 Filipe da Silva Alves<\/p>\n\n\n\n<div style=\"height:100px\" aria-hidden=\"true\" class=\"wp-block-spacer\"><\/div>\n\n\n\n<p class=\"has-big-font-size\"><strong>ASSOCIA\u00c7\u00c3O DE ESTUDANTES<\/strong><\/p>\n\n\n\n<p><strong>Assembleia-Geral<\/strong><\/p>\n\n\n\n<p>Presidente &#8211; Rita Fernandes (12.\u00ba C)<\/p>\n\n\n\n<p>Vice-Presidente &#8211; Rodrigo Miranda (12.\u00ba D)<\/p>\n\n\n\n<p>Secret\u00e1rio &#8211; Catarina Fernandes (12.\u00ba B)<\/p>\n\n\n\n<p><strong>Dire\u00e7\u00e3o<\/strong><\/p>\n\n\n\n<p>Presidente &#8211; Let\u00edcia Coelho (12.\u00ba C)<\/p>\n\n\n\n<p>Vice-Presidente &#8211; Denise Ribeiro (12.\u00ba C)<\/p>\n\n\n\n<p>Secret\u00e1rio &#8211; Clara Salgado (12.\u00ba C)<\/p>\n\n\n\n<p>Tesoureiro &#8211; Tiago Magalh\u00e3es (12.\u00ba C)<\/p>\n\n\n\n<p><strong>Conselho Fiscal<\/strong><\/p>\n\n\n\n<p>Presidente &#8211; Diana Leite (12.\u00ba C)<\/p>\n\n\n\n<p>Vice-Presidente &#8211; In\u00eas Pedrosa (12.\u00ba C)<\/p>\n\n\n\n<p>Vogal &#8211; Diogo S\u00e1 (12.\u00ba C)<\/p>\n","protected":false},"excerpt":{"rendered":"<p>A hist\u00f3ria do Agrupamento de Escolas de S. Bento iniciou-se em 2005 com a instala\u00e7\u00e3o da escola e em 2006 como agrupamento de Infias (100377). A 23 de mar\u00e7o de 2022 foi autorizada a altera\u00e7\u00e3o de denomina\u00e7\u00e3o para Agrupamento de Escolas de S. Bento, Vizela, fazendo dele parte os seguintes estabelecimentos: Escola B\u00e1sica e Secund\u00e1ria&#8230;<\/p>\n","protected":false},"author":1,"featured_media":40,"parent":0,"menu_order":0,"comment_status":"closed","ping_status":"closed","template":"","meta":{"footnotes":""},"class_list":["post-38","page","type-page","status-publish","has-post-thumbnail","hentry"],"_links":{"self":[{"href":"https:\/\/aesbvizela.edu.gov.pt\/index.php?rest_route=\/wp\/v2\/pages\/38","targetHints":{"allow":["GET"]}}],"collection":[{"href":"https:\/\/aesbvizela.edu.gov.pt\/index.php?rest_route=\/wp\/v2\/pages"}],"about":[{"href":"https:\/\/aesbvizela.edu.gov.pt\/index.php?rest_route=\/wp\/v2\/types\/page"}],"author":[{"embeddable":true,"href":"https:\/\/aesbvizela.edu.gov.pt\/index.php?rest_route=\/wp\/v2\/users\/1"}],"replies":[{"embeddable":true,"href":"https:\/\/aesbvizela.edu.gov.pt\/index.php?rest_route=%2Fwp%2Fv2%2Fcomments&post=38"}],"version-history":[{"count":9,"href":"https:\/\/aesbvizela.edu.gov.pt\/index.php?rest_route=\/wp\/v2\/pages\/38\/revisions"}],"predecessor-version":[{"id":2834,"href":"https:\/\/aesbvizela.edu.gov.pt\/index.php?rest_route=\/wp\/v2\/pages\/38\/revisions\/2834"}],"wp:featuredmedia":[{"embeddable":true,"href":"https:\/\/aesbvizela.edu.gov.pt\/index.php?rest_route=\/wp\/v2\/media\/40"}],"wp:attachment":[{"href":"https:\/\/aesbvizela.edu.gov.pt\/index.php?rest_route=%2Fwp%2Fv2%2Fmedia&parent=38"}],"curies":[{"name":"wp","href":"https:\/\/api.w.org\/{rel}","templated":true}]}}