{"id":48,"date":"2024-08-12T11:31:15","date_gmt":"2024-08-12T11:31:15","guid":{"rendered":"https:\/\/aesbvizela.edu.gov.pt\/?page_id=48"},"modified":"2026-01-16T15:17:17","modified_gmt":"2026-01-16T15:17:17","slug":"docs","status":"publish","type":"page","link":"https:\/\/aesbvizela.edu.gov.pt\/?page_id=48","title":{"rendered":"Doc&#8217;s"},"content":{"rendered":"\n<p class=\"has-text-align-center has-large-font-size\"><strong>Documentos do aeSB<\/strong><\/p>\n\n\n\n<p><\/p>\n\n\n\n<div class=\"wp-block-columns is-layout-flex wp-container-core-columns-is-layout-28f84493 wp-block-columns-is-layout-flex\">\n<div class=\"wp-block-column is-layout-flow wp-block-column-is-layout-flow\">\n<h2 class=\"wp-block-heading\">Documentos<\/h2>\n\n\n\n<p><a href=\"http:\/\/aesbvizela.edu.gov.pt\/wp-content\/uploads\/2024\/10\/projeto_educativo_23_26.pdf\" data-type=\"link\" data-id=\"http:\/\/aesbvizela.edu.gov.pt\/wp-content\/uploads\/2024\/10\/projeto_educativo_23_26.pdf\" target=\"_blank\" rel=\"noreferrer noopener\">Projeto Educativo<\/a><\/p>\n\n\n\n<p><a href=\"https:\/\/e8f82f30-f4bb-4782-bbc7-a3536f7b3235.filesusr.com\/ugd\/694440_364edb71e95d4164885054c13d5436ba.pdf\" target=\"_blank\" rel=\"noreferrer noopener\">Projeto de interven\u00e7\u00e3o<\/a><\/p>\n\n\n\n<p><a href=\"https:\/\/e8f82f30-f4bb-4782-bbc7-a3536f7b3235.filesusr.com\/ugd\/694440_4ccc1804395d44408779dc2d01f80374.pdf\" target=\"_blank\" rel=\"noreferrer noopener\">Regulamento Interno<\/a><\/p>\n\n\n\n<p><a href=\"http:\/\/aesbvizela.edu.gov.pt\/wp-content\/uploads\/2026\/01\/OAL_25_26.pdf\" data-type=\"link\" data-id=\"http:\/\/aesbvizela.edu.gov.pt\/wp-content\/uploads\/2024\/10\/planeamento_curricular_24_25.pdf\" target=\"_blank\" rel=\"noreferrer noopener\">Organiza\u00e7\u00e3o do ano letivo 25&#8217;26<\/a><\/p>\n\n\n\n<p><a href=\"https:\/\/drive.google.com\/drive\/folders\/1cvqDy4YElExhbusN6P7LFYmX7bCvgleO?usp=sharing\" target=\"_blank\" rel=\"noreferrer noopener\">Crit\u00e9rios de Avalia\u00e7\u00e3o<\/a><\/p>\n\n\n\n<p><a href=\"http:\/\/aesbvizela.edu.gov.pt\/wp-content\/uploads\/2026\/01\/estrategia_cidadania_25_26-3.pdf\" data-type=\"link\" data-id=\"http:\/\/aesbvizela.edu.gov.pt\/wp-content\/uploads\/2024\/10\/eece_24_25.pdf\" target=\"_blank\" rel=\"noreferrer noopener\">Estrat\u00e9gia Educa\u00e7\u00e3o para a Cidadania 25&#8217;26<\/a><\/p>\n\n\n\n<p><a href=\"http:\/\/aesbvizela.edu.gov.pt\/wp-content\/uploads\/2026\/01\/2526_ProjetoVoouParaoFuturo.pdf\" data-type=\"link\" data-id=\"http:\/\/aesbvizela.edu.gov.pt\/wp-content\/uploads\/2026\/01\/2526_ProjetoVoouParaoFuturo.pdf\" target=\"_blank\" rel=\"noreferrer noopener\">Plano Anual de Atividades 25&#8217;26<\/a><\/p>\n\n\n\n<p><a href=\"http:\/\/aesbvizela.edu.gov.pt\/wp-content\/uploads\/2024\/10\/plano_mentoria_tutoria.pdf\" data-type=\"link\" data-id=\"http:\/\/aesbvizela.edu.gov.pt\/wp-content\/uploads\/2024\/10\/plano_mentoria_tutoria.pdf\" target=\"_blank\" rel=\"noreferrer noopener\">Plano de Mentoria e A\u00e7\u00e3o Tutorial 24&#8217;25<\/a><\/p>\n\n\n\n<p><a href=\"http:\/\/aesbvizela.edu.gov.pt\/wp-content\/uploads\/2025\/07\/manuais_adotados_25_26.pdf\" target=\"_blank\" rel=\"noreferrer noopener\">Manuais Escolares 25&#8217;26<\/a><\/p>\n\n\n\n<p>Projeto PES<\/p>\n\n\n\n<p><a href=\"http:\/\/aesbvizela.edu.gov.pt\/wp-content\/uploads\/2024\/10\/PADDE_24_25.pdf\" data-type=\"link\" data-id=\"http:\/\/aesbvizela.edu.gov.pt\/wp-content\/uploads\/2024\/10\/PADDE_24_25.pdf\" target=\"_blank\" rel=\"noreferrer noopener\">PADDE 24&#8217;25<\/a><\/p>\n<\/div>\n\n\n\n<div class=\"wp-block-column is-layout-flow wp-block-column-is-layout-flow\">\n<h2 class=\"wp-block-heading\">Exames Nacionais<\/h2>\n\n\n\n<p><a href=\"http:\/\/aesbvizela.edu.gov.pt\/wp-content\/uploads\/2024\/10\/utilizacao_calculadoras.pdf\" data-type=\"link\" data-id=\"http:\/\/aesbvizela.edu.gov.pt\/wp-content\/uploads\/2024\/10\/utilizacao_calculadoras.pdf\" target=\"_blank\" rel=\"noreferrer noopener\">Utiliza\u00e7\u00e3o calculadora 2025<\/a><\/p>\n\n\n\n<p><a href=\"https:\/\/iave.pt\/provas-e-exames\/informacoes\/\" target=\"_blank\" rel=\"noreferrer noopener\">Informa\u00e7\u00f5es-Prova 25&#8217;26 (EduQA)<\/a><\/p>\n\n\n\n<p><a href=\"https:\/\/iave.pt\/provas-e-exames\/calendario\/\" target=\"_blank\" rel=\"noreferrer noopener\">Calend\u00e1rio Provas e Exames 25&#8217;26<\/a><\/p>\n\n\n\n<p><a href=\"https:\/\/e8f82f30-f4bb-4782-bbc7-a3536f7b3235.filesusr.com\/ugd\/694440_8492a23b1859426dad4cce7cd168acbd.pdf\" target=\"_blank\" rel=\"noreferrer noopener\">Norma 01\/JNE\/2024<\/a><\/p>\n\n\n\n<p><a href=\"https:\/\/e8f82f30-f4bb-4782-bbc7-a3536f7b3235.filesusr.com\/ugd\/694440_046687513e1a4fa4afc328899c96e70c.pdf\" target=\"_blank\" rel=\"noreferrer noopener\">Norma 02\/JNE\/2024<\/a><\/p>\n\n\n\n<p><a href=\"https:\/\/e8f82f30-f4bb-4782-bbc7-a3536f7b3235.filesusr.com\/ugd\/694440_9c7676e627ce46a9849eab687e0c7cab.pdf\" target=\"_blank\" rel=\"noreferrer noopener\">Regulamento de Provas e Exames<\/a><\/p>\n\n\n\n<p><a href=\"https:\/\/www.dge.mec.pt\/sites\/default\/files\/JNE\/guiageralexames2024.pdf\" target=\"_blank\" rel=\"noreferrer noopener\">Guia Geral de Exames 2024<\/a><\/p>\n\n\n\n<p><a href=\"https:\/\/drive.google.com\/drive\/folders\/1_ckdTDucJrl0T6BY2gU3_IpychPugQsf?usp=sharing\" target=\"_blank\" rel=\"noreferrer noopener\">Informa\u00e7\u00f5es-Prova Equival\u00eancia Frequ\u00eancia<\/a><\/p>\n\n\n\n<p><a href=\"https:\/\/e8f82f30-f4bb-4782-bbc7-a3536f7b3235.filesusr.com\/ugd\/694440_fb4acc6020574cc088c805641bfe7f87.pdf\" target=\"_blank\" rel=\"noreferrer noopener\">Calend\u00e1rio Provas Equival\u00eancia Frequ\u00eancia<\/a><\/p>\n\n\n\n<p><a href=\"https:\/\/diariodarepublica.pt\/dr\/detalhe\/deliberacao\/316-2024-855279578\" target=\"_blank\" rel=\"noreferrer noopener\">Pr\u00e9-requisitos Ensino Superior 2024<\/a><\/p>\n\n\n\n<p><a href=\"https:\/\/jnepiepe.dge.mec.pt\/site\/login\" target=\"_blank\" rel=\"noreferrer noopener\">PIEPE &#8211; Inscri\u00e7\u00f5es Provas e Exames 2024<\/a><\/p>\n<\/div>\n<\/div>\n\n\n\n<p><a href=\"https:\/\/drive.google.com\/file\/d\/1Wx2yYELSuI3SDCYSHuw1TojsXV1jwKik\/view?usp=sharing\" target=\"_blank\" rel=\"noreferrer noopener\">C\u00f3digo de conduta<\/a><\/p>\n\n\n\n<p><a href=\"https:\/\/drive.google.com\/file\/d\/1Wnpol9isXK6tT9kqZfX8FckOspfF0UNq\/view?usp=sharing\" target=\"_blank\" rel=\"noreferrer noopener\">Plano de Preven\u00e7\u00e3o de Riscos de Corrup\u00e7\u00e3o e Infra\u00e7\u00f5es Conexas<\/a><\/p>\n\n\n\n<p><\/p>\n","protected":false},"excerpt":{"rendered":"<p>Documentos do aeSB Documentos Projeto Educativo Projeto de interven\u00e7\u00e3o Regulamento Interno Organiza\u00e7\u00e3o do ano letivo 25&#8217;26 Crit\u00e9rios de Avalia\u00e7\u00e3o Estrat\u00e9gia Educa\u00e7\u00e3o para a Cidadania 25&#8217;26 Plano Anual de Atividades 25&#8217;26 Plano de Mentoria e A\u00e7\u00e3o Tutorial 24&#8217;25 Manuais Escolares 25&#8217;26 Projeto PES PADDE 24&#8217;25 Exames Nacionais Utiliza\u00e7\u00e3o calculadora 2025 Informa\u00e7\u00f5es-Prova 25&#8217;26 (EduQA) Calend\u00e1rio Provas e&#8230;<\/p>\n","protected":false},"author":1,"featured_media":50,"parent":0,"menu_order":0,"comment_status":"closed","ping_status":"closed","template":"","meta":{"footnotes":""},"class_list":["post-48","page","type-page","status-publish","has-post-thumbnail","hentry"],"_links":{"self":[{"href":"https:\/\/aesbvizela.edu.gov.pt\/index.php?rest_route=\/wp\/v2\/pages\/48","targetHints":{"allow":["GET"]}}],"collection":[{"href":"https:\/\/aesbvizela.edu.gov.pt\/index.php?rest_route=\/wp\/v2\/pages"}],"about":[{"href":"https:\/\/aesbvizela.edu.gov.pt\/index.php?rest_route=\/wp\/v2\/types\/page"}],"author":[{"embeddable":true,"href":"https:\/\/aesbvizela.edu.gov.pt\/index.php?rest_route=\/wp\/v2\/users\/1"}],"replies":[{"embeddable":true,"href":"https:\/\/aesbvizela.edu.gov.pt\/index.php?rest_route=%2Fwp%2Fv2%2Fcomments&post=48"}],"version-history":[{"count":29,"href":"https:\/\/aesbvizela.edu.gov.pt\/index.php?rest_route=\/wp\/v2\/pages\/48\/revisions"}],"predecessor-version":[{"id":2852,"href":"https:\/\/aesbvizela.edu.gov.pt\/index.php?rest_route=\/wp\/v2\/pages\/48\/revisions\/2852"}],"wp:featuredmedia":[{"embeddable":true,"href":"https:\/\/aesbvizela.edu.gov.pt\/index.php?rest_route=\/wp\/v2\/media\/50"}],"wp:attachment":[{"href":"https:\/\/aesbvizela.edu.gov.pt\/index.php?rest_route=%2Fwp%2Fv2%2Fmedia&parent=48"}],"curies":[{"name":"wp","href":"https:\/\/api.w.org\/{rel}","templated":true}]}}